{"id":9326,"date":"2025-08-05T11:55:38","date_gmt":"2025-08-05T08:55:38","guid":{"rendered":"https:\/\/www.modabeykoz.com\/en\/?page_id=9326"},"modified":"2026-03-16T14:59:44","modified_gmt":"2026-03-16T11:59:44","slug":"2-1-kat-plani-sanal-tur","status":"publish","type":"page","link":"https:\/\/www.modabeykoz.com\/en\/2-1-kat-plani-sanal-tur\/","title":{"rendered":"2+1 Floor Plan Virtual Tour"},"content":{"rendered":"<section class=\"l-section wpb_row height_custom\"><div class=\"l-section-h i-cf\"><div class=\"g-cols vc_row via_grid cols_1 laptops-cols_inherit tablets-cols_inherit mobiles-cols_1 valign_top type_default stacking_default\"><div class=\"wpb_column vc_column_container\"><div class=\"vc_column-inner\">[vc_raw_html]JTNDaWZyYW1lJTBBJTIwJTIwc3JjJTNEJTIyaHR0cHMlM0ElMkYlMkZzaG93cmVlbC5kNXJlbmRlci5jb20lMkZwZXJzb25hbC1rcnBhbm8lM0ZkaXJlY3RvcnklM0RodHRwcyUzQSUyRiUyRnVzYS5hc3NldC5kNWNkbi5jb20lMkZ0b3VyUHJvamVjdCUyRnBhbm9fcm9hbV8xNzY4OTA1OTYyODk3XzMwOTA3ODIlMkYlMjZ0b3VySWQlM0QyMDEzNTY0Njk5MjYwMTY2MTQ2JTIyJTBBJTIwJTIwc3R5bGUlM0QlMjJ3aWR0aCUzQTEwMCUyNSUzQiUyMGhlaWdodCUzQTcwMHB4JTNCJTIwYm9yZGVyJTNBMCUzQiUyMiUwQSUyMCUyMGFsbG93ZnVsbHNjcmVlbiUwQSUyMCUyMGxvYWRpbmclM0QlMjJsYXp5JTIyJTNFJTBBJTNDJTJGaWZyYW1lJTNF[\/vc_raw_html]<\/div><\/div><\/div><\/div><\/section>\n","protected":false},"excerpt":{"rendered":"[vc_raw_html]JTNDaWZyYW1lJTBBJTIwJTIwc3JjJTNEJTIyaHR0cHMlM0ElMkYlMkZzaG93cmVlbC5kNXJlbmRlci5jb20lMkZwZXJzb25hbC1rcnBhbm8lM0ZkaXJlY3RvcnklM0RodHRwcyUzQSUyRiUyRnVzYS5hc3NldC5kNWNkbi5jb20lMkZ0b3VyUHJvamVjdCUyRnBhbm9fcm9hbV8xNzY4OTA1OTYyODk3XzMwOTA3ODIlMkYlMjZ0b3VySWQlM0QyMDEzNTY0Njk5MjYwMTY2MTQ2JTIyJTBBJTIwJTIwc3R5bGUlM0QlMjJ3aWR0aCUzQTEwMCUyNSUzQiUyMGhlaWdodCUzQTcwMHB4JTNCJTIwYm9yZGVyJTNBMCUzQiUyMiUwQSUyMCUyMGFsbG93ZnVsbHNjcmVlbiUwQSUyMCUyMGxvYWRpbmclM0QlMjJsYXp5JTIyJTNFJTBBJTNDJTJGaWZyYW1lJTNF[\/vc_raw_html]","protected":false},"author":1,"featured_media":0,"parent":0,"menu_order":0,"comment_status":"closed","ping_status":"closed","template":"","meta":{"_acf_changed":false,"footnotes":""},"class_list":["post-9326","page","type-page","status-publish","hentry"],"acf":[],"yoast_head":"<!-- This site is optimized with the Yoast SEO plugin v27.1.1 - https:\/\/yoast.com\/product\/yoast-seo-wordpress\/ -->\n<title>2+1 Floor Plan Virtual Tour - Moda Beykoz<\/title>\n<meta name=\"robots\" content=\"index, follow, max-snippet:-1, max-image-preview:large, max-video-preview:-1\" \/>\n<link rel=\"canonical\" href=\"https:\/\/www.modabeykoz.com\/en\/2-1-kat-plani-sanal-tur\/\" \/>\n<meta property=\"og:locale\" content=\"tr_TR\" \/>\n<meta property=\"og:type\" content=\"article\" \/>\n<meta property=\"og:title\" content=\"2+1 Floor Plan Virtual Tour - Moda Beykoz\" \/>\n<meta property=\"og:url\" content=\"https:\/\/www.modabeykoz.com\/en\/2-1-kat-plani-sanal-tur\/\" \/>\n<meta property=\"og:site_name\" content=\"Moda Beykoz\" \/>\n<meta property=\"article:modified_time\" content=\"2026-03-16T11:59:44+00:00\" \/>\n<meta name=\"twitter:card\" content=\"summary_large_image\" \/>\n<meta name=\"twitter:label1\" content=\"Tahmini okuma s\u00fcresi\" \/>\n\t<meta name=\"twitter:data1\" content=\"1 dakika\" \/>\n<script type=\"application\/ld+json\" class=\"yoast-schema-graph\">{\"@context\":\"https:\/\/schema.org\",\"@graph\":[{\"@type\":\"WebPage\",\"@id\":\"https:\/\/www.modabeykoz.com\/en\/2-1-kat-plani-sanal-tur\/\",\"url\":\"https:\/\/www.modabeykoz.com\/en\/2-1-kat-plani-sanal-tur\/\",\"name\":\"2+1 Floor Plan Virtual Tour - Moda Beykoz\",\"isPartOf\":{\"@id\":\"https:\/\/www.modabeykoz.com\/en\/#website\"},\"datePublished\":\"2025-08-05T08:55:38+00:00\",\"dateModified\":\"2026-03-16T11:59:44+00:00\",\"breadcrumb\":{\"@id\":\"https:\/\/www.modabeykoz.com\/en\/2-1-kat-plani-sanal-tur\/#breadcrumb\"},\"inLanguage\":\"tr\",\"potentialAction\":[{\"@type\":\"ReadAction\",\"target\":[\"https:\/\/www.modabeykoz.com\/en\/2-1-kat-plani-sanal-tur\/\"]}]},{\"@type\":\"BreadcrumbList\",\"@id\":\"https:\/\/www.modabeykoz.com\/en\/2-1-kat-plani-sanal-tur\/#breadcrumb\",\"itemListElement\":[{\"@type\":\"ListItem\",\"position\":1,\"name\":\"Anasayfa\",\"item\":\"https:\/\/www.modabeykoz.com\/en\/\"},{\"@type\":\"ListItem\",\"position\":2,\"name\":\"2+1 Floor Plan Virtual Tour\"}]},{\"@type\":\"WebSite\",\"@id\":\"https:\/\/www.modabeykoz.com\/en\/#website\",\"url\":\"https:\/\/www.modabeykoz.com\/en\/\",\"name\":\"Moda Beykoz\",\"description\":\"Ya\u015fam\u0131n Yeni Modas\u0131\",\"potentialAction\":[{\"@type\":\"SearchAction\",\"target\":{\"@type\":\"EntryPoint\",\"urlTemplate\":\"https:\/\/www.modabeykoz.com\/en\/?s={search_term_string}\"},\"query-input\":{\"@type\":\"PropertyValueSpecification\",\"valueRequired\":true,\"valueName\":\"search_term_string\"}}],\"inLanguage\":\"tr\"}]}<\/script>\n<!-- \/ Yoast SEO plugin. -->","yoast_head_json":{"title":"2+1 Floor Plan Virtual Tour - Moda Beykoz","robots":{"index":"index","follow":"follow","max-snippet":"max-snippet:-1","max-image-preview":"max-image-preview:large","max-video-preview":"max-video-preview:-1"},"canonical":"https:\/\/www.modabeykoz.com\/en\/2-1-kat-plani-sanal-tur\/","og_locale":"tr_TR","og_type":"article","og_title":"2+1 Floor Plan Virtual Tour - Moda Beykoz","og_url":"https:\/\/www.modabeykoz.com\/en\/2-1-kat-plani-sanal-tur\/","og_site_name":"Moda Beykoz","article_modified_time":"2026-03-16T11:59:44+00:00","twitter_card":"summary_large_image","twitter_misc":{"Tahmini okuma s\u00fcresi":"1 dakika"},"schema":{"@context":"https:\/\/schema.org","@graph":[{"@type":"WebPage","@id":"https:\/\/www.modabeykoz.com\/en\/2-1-kat-plani-sanal-tur\/","url":"https:\/\/www.modabeykoz.com\/en\/2-1-kat-plani-sanal-tur\/","name":"2+1 Floor Plan Virtual Tour - Moda Beykoz","isPartOf":{"@id":"https:\/\/www.modabeykoz.com\/en\/#website"},"datePublished":"2025-08-05T08:55:38+00:00","dateModified":"2026-03-16T11:59:44+00:00","breadcrumb":{"@id":"https:\/\/www.modabeykoz.com\/en\/2-1-kat-plani-sanal-tur\/#breadcrumb"},"inLanguage":"tr","potentialAction":[{"@type":"ReadAction","target":["https:\/\/www.modabeykoz.com\/en\/2-1-kat-plani-sanal-tur\/"]}]},{"@type":"BreadcrumbList","@id":"https:\/\/www.modabeykoz.com\/en\/2-1-kat-plani-sanal-tur\/#breadcrumb","itemListElement":[{"@type":"ListItem","position":1,"name":"Anasayfa","item":"https:\/\/www.modabeykoz.com\/en\/"},{"@type":"ListItem","position":2,"name":"2+1 Floor Plan Virtual Tour"}]},{"@type":"WebSite","@id":"https:\/\/www.modabeykoz.com\/en\/#website","url":"https:\/\/www.modabeykoz.com\/en\/","name":"Moda Beykoz","description":"Ya\u015fam\u0131n Yeni Modas\u0131","potentialAction":[{"@type":"SearchAction","target":{"@type":"EntryPoint","urlTemplate":"https:\/\/www.modabeykoz.com\/en\/?s={search_term_string}"},"query-input":{"@type":"PropertyValueSpecification","valueRequired":true,"valueName":"search_term_string"}}],"inLanguage":"tr"}]}},"_links":{"self":[{"href":"https:\/\/www.modabeykoz.com\/en\/wp-json\/wp\/v2\/pages\/9326","targetHints":{"allow":["GET"]}}],"collection":[{"href":"https:\/\/www.modabeykoz.com\/en\/wp-json\/wp\/v2\/pages"}],"about":[{"href":"https:\/\/www.modabeykoz.com\/en\/wp-json\/wp\/v2\/types\/page"}],"author":[{"embeddable":true,"href":"https:\/\/www.modabeykoz.com\/en\/wp-json\/wp\/v2\/users\/1"}],"replies":[{"embeddable":true,"href":"https:\/\/www.modabeykoz.com\/en\/wp-json\/wp\/v2\/comments?post=9326"}],"version-history":[{"count":2,"href":"https:\/\/www.modabeykoz.com\/en\/wp-json\/wp\/v2\/pages\/9326\/revisions"}],"predecessor-version":[{"id":10580,"href":"https:\/\/www.modabeykoz.com\/en\/wp-json\/wp\/v2\/pages\/9326\/revisions\/10580"}],"wp:attachment":[{"href":"https:\/\/www.modabeykoz.com\/en\/wp-json\/wp\/v2\/media?parent=9326"}],"curies":[{"name":"wp","href":"https:\/\/api.w.org\/{rel}","templated":true}]}}